{"id":15706,"date":"2022-06-20T14:09:21","date_gmt":"2022-06-20T13:09:21","guid":{"rendered":"https:\/\/letempsmag.ma\/?page_id=15706"},"modified":"2022-06-20T14:09:22","modified_gmt":"2022-06-20T13:09:22","slug":"politique-de-confidentialite%ef%bf%bc","status":"publish","type":"page","link":"https:\/\/letempsmag.ma\/?page_id=15706","title":{"rendered":"POLITIQUE DE CONFIDENTIALIT\u00c9\ufffc"},"content":{"rendered":"\n<h2 class=\"wp-block-heading\">1. Qu\u2019est-ce qu\u2019un cookie ?<\/h2>\n\n\n\n<p>Un cookie est un fichier texte susceptible d\u2019\u00eatre enregistr\u00e9, sous r\u00e9serve de vos choix, dans un espace d\u00e9di\u00e9 du disque dur de votre terminal, \u00e0 l\u2019occasion de la consultation d\u2019un service en ligne gr\u00e2ce \u00e0 votre logiciel de navigation.<\/p>\n\n\n\n<p>Un fichier cookie permet \u00e0 son \u00e9metteur d\u2019identifier le terminal dans lequel il est enregistr\u00e9, pendant la dur\u00e9e de validit\u00e9.<\/p>\n\n\n\n<h2 class=\"wp-block-heading\">2. A quoi servent les cookies \u00e9mis sur notre site ?<\/h2>\n\n\n\n<p>Seul l\u2019\u00e9metteur d\u2019un cookie est susceptible de lire ou de modifier les informations qui y sont contenues.<\/p>\n\n\n\n<p>Les cookies utilis\u00e9s sur notre site permettent d\u2019identifier les services et rubriques que l\u2019utilisateur a visit\u00e9s, et plus g\u00e9n\u00e9ralement son comportement en mati\u00e8re de visites. Ces informations sont utiles pour mieux personnaliser les services, contenus, offres promotionnelles et banni\u00e8res qui apparaissent sur notre site et faciliter votre navigation sur notre site. Des cookies sont \u00e9galement n\u00e9cessaires au bon fonctionnement de certains services ou encore pour mesurer leur audience.<\/p>\n\n\n\n<p>Des cookies sont susceptibles d\u2019\u00eatre inclus dans les espaces publicitaires de notre site. Ces espaces contribuent au financement des contenus et services que nous mettons \u00e0 votre disposition.<\/p>\n\n\n\n<h3 class=\"wp-block-heading\">2.1. Les cookies que nous \u00e9mettons sur notre site :<\/h3>\n\n\n\n<p>Lorsque vous vous connectez \u00e0 notre site, nous pouvons \u00eatre amen\u00e9s, sous r\u00e9serve de vos choix, \u00e0 installer divers cookies dans votre terminal nous permettant de reconna\u00eetre le navigateur de votre terminal pendant la dur\u00e9e de validit\u00e9 du cookie concern\u00e9.<\/p>\n\n\n\n<p>Les cookies que nous \u00e9mettons sont utilis\u00e9s aux fins d\u00e9crites ci-dessous, sous r\u00e9serve de vos choix qui r\u00e9sultent des param\u00e8tres de votre logiciel de navigation utilis\u00e9 lors de votre visite de notre site.<\/p>\n\n\n\n<p>Les cookies que nous \u00e9mettons nous permettent de :<\/p>\n\n\n\n<ul class=\"wp-block-list\"><li><strong>1. Am\u00e9liorer nos services :<\/strong><br>Ces cookies permettent d\u2019\u00e9tablir des statistiques et volume de fr\u00e9quentation et d\u2019utilisation des divers \u00e9l\u00e9ments composant notre site (rubriques et contenus visit\u00e9, parcours) afin d\u2019am\u00e9liorer l\u2019int\u00e9r\u00eat et l\u2019ergonomie de nos services.<\/li><li><strong>2. Adapter la publicit\u00e9 propos\u00e9e sur notre site :<\/strong><br>\u2013 en comptabilisant le nombre total de publicit\u00e9s affich\u00e9es par nos soins sur nos espaces publicitaires, d\u2019identifier ces publicit\u00e9s, le nombre d\u2019utilisateurs ayant cliqu\u00e9 sur chaque publicit\u00e9 et d\u2019\u00e9tablir des statistiques,- en adaptant nos espaces publicitaires aux pr\u00e9f\u00e9rences d\u2019affichage de votre terminal (langue utilis\u00e9e, r\u00e9solution d\u2019affichage, syst\u00e8me d\u2019exploitation utilis\u00e9, etc), selon les mat\u00e9riels et les logiciels de visualisation ou de lecture que votre terminal comporte,- en adaptant les contenus publicitaires affich\u00e9s sur votre terminal par nos espaces publicitaires, selon la navigation de votre terminal sur notre site,- en adaptant le cas \u00e9ch\u00e9ant les contenus publicitaires affich\u00e9s sur votre terminal dans nos espaces publicitaires en fonction des donn\u00e9es de localisation transmises par votre terminal avec votre accord pr\u00e9alable- en adaptant les contenus publicitaires affich\u00e9s sur votre terminal dans nos espaces publicitaires en fonction des donn\u00e9es personnelles que vous nous avez fournies<\/li><\/ul>\n\n\n\n<h3 class=\"wp-block-heading\">2.2. Les cookies \u00e9mis sur notre site par des tiers<\/h3>\n\n\n\n<p>L\u2019\u00e9mission et l\u2019utilisation de cookies par des tiers sont soumises aux politiques de protection de la vie priv\u00e9e de ces tiers. Nous vous informons de l\u2019objet des cookies dont nous avons connaissance et des moyens dont vous disposez pour effectuer des choix \u00e0 l\u2019\u00e9gard de ces cookies.<\/p>\n\n\n\n<ul class=\"wp-block-list\"><li><strong>a) Du fait d\u2019applications tierces int\u00e9gr\u00e9es \u00e0 notre site<\/strong><br>Nous sommes susceptibles d\u2019inclure sur notre site\/application, des applications informatiques \u00e9manant de tiers, qui vous permettent de partager des contenus de notre site avec d\u2019autres personnes ou de faire conna\u00eetre \u00e0 ces autres personnes votre consultation ou votre opinion concernant un contenu de notre site\/application. Tel est notamment le cas des boutons \u00ab&nbsp;Partager&nbsp;\u00bb, \u00ab&nbsp;J\u2019aime&nbsp;\u00bb, issus de r\u00e9seaux sociaux tels que Facebook \u00ab&nbsp;Twitter&nbsp;\u00bb, LinkedIn&nbsp;\u00bb, \u00ab&nbsp;Viadeo&nbsp;\u00bb, etc.Le r\u00e9seau social fournissant un tel bouton applicatif est susceptible de vous identifier gr\u00e2ce \u00e0 ce bouton, m\u00eame si vous n\u2019avez pas utilis\u00e9 ce bouton lors de votre consultation de notre site\/application. En effet, ce type de bouton applicatif peut permettre au r\u00e9seau social concern\u00e9 de suivre votre navigation sur notre site, du seul fait que votre compte au r\u00e9seau social concern\u00e9 \u00e9tait activ\u00e9 sur votre terminal (session ouverte) durant votre navigation sur notre site.<br>Nous n\u2019avons aucun contr\u00f4le sur le processus employ\u00e9 par les r\u00e9seaux sociaux pour collecter des informations relatives \u00e0 votre navigation sur notre site et associ\u00e9es aux donn\u00e9es personnelles dont ils disposent. Nous vous invitons \u00e0 consulter les politiques de protection de la vie priv\u00e9e de ces r\u00e9seaux sociaux afin de prendre connaissance des finalit\u00e9s d\u2019utilisation, notamment publicitaires, des informations de navigation qu\u2019ils peuvent recueillir gr\u00e2ce \u00e0 ces boutons applicatifs. Ces politiques de protection doivent notamment vous permettre d\u2019exercer vos choix aupr\u00e8s de ces r\u00e9seaux sociaux, notamment en param\u00e9trant vos comptes d\u2019utilisation de chacun de ces r\u00e9seaux.<\/li><li><strong>b) Via des contenus de tiers diffus\u00e9s dans nos espaces publicitaires<\/strong><br>Les contenus publicitaires sont susceptibles de contenir des cookies \u00e9mis par des tiers : soit l\u2019annonceur \u00e0 l\u2019origine du contenu publicitaire concern\u00e9, soit une soci\u00e9t\u00e9 tierce \u00e0 l\u2019annonceur (agence conseil en communication, soci\u00e9t\u00e9 de mesure d\u2019audience, prestataire de publicit\u00e9 cibl\u00e9e, etc.), qui a associ\u00e9 un cookie au contenu publicitaire d\u2019un annonceur.Le cas \u00e9ch\u00e9ant, les cookies \u00e9mis par ces tiers peuvent leur permettre, pendant la dur\u00e9e de validit\u00e9 de ces cookies :- de comptabiliser le nombre d\u2019affichages des contenus publicitaires diffus\u00e9s via nos espaces publicitaires, d\u2019identifier les publicit\u00e9s ainsi affich\u00e9es, le nombre d\u2019utilisateurs ayant cliqu\u00e9 sur chaque publicit\u00e9, leur permettant de calculer les sommes dues de ce fait et d\u2019\u00e9tablir des statistiques,- de reconna\u00eetre votre terminal lors de sa navigation ult\u00e9rieure sur tout autre site ou service sur lequel ces annonceurs ou ces tiers \u00e9mettent \u00e9galement des cookies et, le cas \u00e9ch\u00e9ant, d\u2019adapter ces sites et services tiers ou les publicit\u00e9s qu\u2019ils diffusent, \u00e0 la navigation de votre terminal dont ils peuvent avoir connaissance.<\/li><li><strong>c) Par une r\u00e9gie publicitaire externe exploitant nos espaces publicitaires<\/strong><br>Les espaces publicitaires de notre site sont susceptibles d\u2019\u00eatre exploit\u00e9s par une ou plusieurs r\u00e9gie(s) publicitaire(s) externe(s) et, le cas \u00e9ch\u00e9ant, de contenir des cookies \u00e9mis par l\u2019une d\u2019entre elles. Le cas \u00e9ch\u00e9ant, les cookies \u00e9mis par ces r\u00e9gies publicitaires externes leur permettent, pendant la dur\u00e9e de validit\u00e9 de ces cookies :- de comptabiliser le nombre total de publicit\u00e9s affich\u00e9es par leurs soins sur nos espaces publicitaires, d\u2019identifier ces publicit\u00e9s, leur nombre d\u2019affichages respectifs, le nombre d\u2019utilisateurs ayant cliqu\u00e9 sur chaque publicit\u00e9 et, le cas \u00e9ch\u00e9ant, les actions ult\u00e9rieures effectu\u00e9es par ces utilisateurs sur les pages auxquelles m\u00e8nent ces publicit\u00e9s, afin de calculer les sommes dues aux acteurs de la cha\u00eene de diffusion publicitaire (annonceur, agence de communication, r\u00e9gie publicitaire, site\/support de diffusion) et d\u2019\u00e9tablir des statistiques,- d\u2019adapter les espaces publicitaires qu\u2019elles op\u00e8rent aux pr\u00e9f\u00e9rences d\u2019affichage de votre terminal (langue utilis\u00e9e, r\u00e9solution d\u2019affichage, syst\u00e8me d\u2019exploitation utilis\u00e9, etc), selon les mat\u00e9riels et les logiciels de visualisation ou de lecture que votre terminal comporte,- d\u2019adapter les contenus publicitaires affich\u00e9s sur votre terminal via nos espaces publicitaires selon la navigation de votre terminal sur notre site,- d\u2019adapter les contenus publicitaires affich\u00e9s sur votre terminal via nos espaces publicitaires selon la navigation ant\u00e9rieure ou ult\u00e9rieure de votre terminal sur des sites de tiers au sein desquels la r\u00e9gie concern\u00e9e \u00e9met \u00e9galement des cookies, sous r\u00e9serve que ces cookies aient \u00e9t\u00e9 enregistr\u00e9s dans votre terminal conform\u00e9ment aux choix que vous avez exerc\u00e9s \u00e0 l\u2019\u00e9gard de cette r\u00e9gie,- d\u2019adapter les contenus publicitaires affich\u00e9s sur votre terminal via nos espaces publicitaires en fonction des donn\u00e9es de localisation (longitude et latitude) transmises par votre terminal avec votre accord pr\u00e9alable\u2013 d\u2019adapter les contenus publicitaires affich\u00e9s sur votre terminal dans nos espaces publicitaires en fonction des donn\u00e9es personnelles que vous auriez pu fournir \u00e0 cette r\u00e9gie publicitaire.<\/li><\/ul>\n\n\n\n<h3 class=\"wp-block-heading\">3. Vos choix concernant les cookies<\/h3>\n\n\n\n<p>Plusieurs possibilit\u00e9s vous sont offertes pour g\u00e9rer les cookies. Tout param\u00e9trage que vous pouvez entreprendre sera susceptible de modifier votre navigation sur Internet et notre site ainsi que vos conditions d\u2019acc\u00e8s \u00e0 certains services n\u00e9cessitant l\u2019utilisation de cookies. Vous pouvez faire le choix \u00e0 tout moment d\u2019exprimer et de modifier vos souhaits en mati\u00e8re de cookies, par les moyens d\u00e9crits ci-dessous.<\/p>\n\n\n\n<p>Les choix qui vous sont offerts par votre logiciel de navigation :<\/p>\n\n\n\n<p>Vous pouvez configurer votre logiciel de navigation de mani\u00e8re \u00e0 ce que des cookies soient enregistr\u00e9s dans votre terminal ou, au contraire, qu\u2019ils soient rejet\u00e9s, soit syst\u00e9matiquement, soit selon leur \u00e9metteur. Vous pouvez \u00e9galement configurer votre logiciel de navigation de mani\u00e8re \u00e0 ce que l\u2019acceptation ou le refus des cookies vous soient propos\u00e9s ponctuellement, avant qu\u2019un cookie soit susceptible d\u2019\u00eatre enregistr\u00e9 dans votre terminal. Pour plus d\u2019informations, consultez la rubrique&nbsp;<em><a href=\"https:\/\/www.lesiteinfo.com\/confidentialite\/#navigateur\">\u00ab&nbsp;Comment exercer vos choix, selon le navigateur que vous utilisez ?&nbsp;\u00bb<\/a><\/em><\/p>\n\n\n\n<ul class=\"wp-block-list\"><li><strong>(a) L\u2019accord sur les Cookies<\/strong><br>L\u2019enregistrement d\u2019un cookie dans un terminal est subordonn\u00e9 \u00e0 la volont\u00e9 de l\u2019utilisateur du terminal, que celui-ci peut exprimer et modifier \u00e0 tout moment et gratuitement \u00e0 travers les choix qui lui sont offerts par son logiciel de navigation. Si vous avez accept\u00e9 dans votre logiciel de navigation l\u2019enregistrement de cookies dans votre Terminal, les cookies int\u00e9gr\u00e9s dans les pages et contenus que vous avez consult\u00e9s pourront \u00eatre stock\u00e9s temporairement dans un espace d\u00e9di\u00e9 de votre terminal. Ils y seront lisibles uniquement par leur \u00e9metteur.<\/li><li><strong>(b) Le refus des Cookies<\/strong><br>Si vous refusez l\u2019enregistrement de cookies dans votre terminal, ou si vous supprimez ceux qui y sont enregistr\u00e9s, vous ne pourrez plus b\u00e9n\u00e9ficier d\u2019un certain nombre de fonctionnalit\u00e9s n\u00e9cessaires pour naviguer dans certains espaces de notre site. Tel serait le cas si vous tentiez d\u2019acc\u00e9der \u00e0 nos contenus ou services qui n\u00e9cessitent de vous identifier. Tel serait \u00e9galement le cas lorsque nous -ou nos prestataires- ne pourrions pas reconna\u00eetre, \u00e0 des fins de compatibilit\u00e9 technique, le type de navigateur utilis\u00e9 par votre terminal, ses param\u00e8tres de langue et d\u2019affichage ou le pays depuis lequel votre terminal semble connect\u00e9 \u00e0 Internet. Le cas \u00e9ch\u00e9ant, nous d\u00e9clinons toute responsabilit\u00e9 pour les cons\u00e9quences li\u00e9es au fonctionnement d\u00e9grad\u00e9 de nos services r\u00e9sultant de l\u2019impossibilit\u00e9 pour nous d\u2019enregistrer ou de consulter les cookies n\u00e9cessaires \u00e0 leur fonctionnement et que vous auriez refus\u00e9s ou supprim\u00e9s.<\/li><li><strong>(c.1) Comment exercer vos choix, selon le navigateur que vous utilisez ?<\/strong><br>Pour la gestion des cookies et de vos choix, la configuration de chaque navigateur est diff\u00e9rente. Elle est d\u00e9crite dans le menu d\u2019aide de votre navigateur, qui vous permettra de savoir de quelle mani\u00e8re modifier vos souhaits en mati\u00e8re de cookies.<\/li><li>\u2013 Pour&nbsp;<a href=\"http:\/\/windows.microsoft.com\/fr-FR\/windows-vista\/Block-or-allow-cookies\" target=\"_blank\" rel=\"noreferrer noopener\">Internet Explorer\u2122<\/a><\/li><li>\u2013 Pour&nbsp;<a href=\"https:\/\/support.apple.com\/kb\/ht1677?viewlocale=fr_FR\" target=\"_blank\" rel=\"noreferrer noopener\">Safari\u2122<\/a><\/li><li>\u2013 Pour&nbsp;<a href=\"https:\/\/support.google.com\/chrome\/bin\/answer.py?hl=fr&amp;hlrm=en&amp;answer=95647\" target=\"_blank\" rel=\"noreferrer noopener\">Chrome\u2122<\/a><\/li><li>\u2013 Pour&nbsp;<a href=\"https:\/\/support.mozilla.org\/fr\/kb\/Activer%20et%20d%C3%A9sactiver%20les%20cookies\" target=\"_blank\" rel=\"noreferrer noopener\">Firefox\u2122<\/a><\/li><li>\u2013 Pour&nbsp;<a href=\"http:\/\/help.opera.com\/Windows\/10.20\/fr\/cookies.html\" target=\"_blank\" rel=\"noreferrer noopener\">Opera\u2122<\/a><\/li><li>\u2013 etc\u2026<\/li><\/ul>\n\n\n\n<ul class=\"wp-block-list\"><li><strong>(c.2) Refuser un Cookie publicitaire<\/strong><br>Vous pouvez g\u00e9rer l\u2019utilisation et l\u2019exploitation de ces Cookies en vous rendant sur&nbsp;<a href=\"http:\/\/www.youronlinechoices.com\/fr\/controler-ses-cookies\/\" target=\"_blank\" rel=\"noreferrer noopener\">la plateforme de gestion des Cookies publicitaires propos\u00e9e par les professionnels de la publicit\u00e9<\/a>&nbsp;et en suivant les instructions qui y sont donn\u00e9es.<br>Vous pourrez ainsi conna\u00eetre les entreprises inscrites \u00e0 cette plateforme, lesquelles vous offrent la possibilit\u00e9 de refuser ou accepter les Cookies utilis\u00e9s par elles pour adapter \u00e0 vos informations de navigation, les publicit\u00e9s susceptibles d\u2019\u00eatre affich\u00e9es.<br>Certains Cookies aux fins de publicit\u00e9 comportementale sont d\u00e9pos\u00e9s par des prestataires tiers partenaires. Vous pouvez \u00e9galement cliquer sur les liens suivants pour en savoir plus sur leurs pratiques et exercer votre choix :<\/li><li>\u2013 Pour les&nbsp;<a href=\"https:\/\/www.google.com\/settings\/u\/0\/ads\/authenticated\" target=\"_blank\" rel=\"noreferrer noopener\">Cookies DoubleClick for Publishers<\/a><\/li><li>\u2013 Pour les&nbsp;<a href=\"https:\/\/www.dailymotion.com\/legal\/privacy\" target=\"_blank\" rel=\"noreferrer noopener\">Cookies Dailymotion<\/a><\/li><li>\u2013 Pour les&nbsp;<a href=\"https:\/\/www.taboola.com\/privacy-policy\" target=\"_blank\" rel=\"noreferrer noopener\">Cookies Taboola<\/a><\/li><\/ul>\n\n\n\n<p>Attention, proc\u00e9der \u00e0 cette d\u00e9sactivation emp\u00eachera l\u2019affichage de toutes publicit\u00e9s cibl\u00e9es au regard de vos centres d\u2019int\u00e9r\u00eat n\u00e9anmoins vous continuerez \u00e0 recevoir les autres publicit\u00e9s. D\u00e9sactiver ces Cookies emp\u00eache la collecte d\u2019information permettant un meilleur ciblage publicitaire lors de vos visites.<\/p>\n\n\n\n<ul class=\"wp-block-list\"><li><strong>(c.3) Refuser un Cookie \u00e9mis par un r\u00e9seau social<\/strong><br>Si vous ne souhaitez pas que notre site enregistre des Cookies dans votre navigateur \u00e0 cette fin, vous pouvez cliquer sur les liens de d\u00e9sactivation suivants qui enregistreront au sein de votre navigateur un Cookie ayant pour unique objet de neutraliser l\u2019utilisation des autres cookies provenant d\u2019un m\u00eame \u00e9metteur.<br>D\u00e9sactiver ces Cookies emp\u00eachera donc toute interaction avec le ou les r\u00e9seaux sociaux concern\u00e9s :<\/li><li>\u2013 Pour&nbsp;<a href=\"https:\/\/www.facebook.com\/help\/360595310676682\/\" target=\"_blank\" rel=\"noreferrer noopener\">FACEBOOK<\/a><\/li><li>\u2013 Pour&nbsp;<a href=\"https:\/\/support.twitter.com\/articles\/20171379-twitter-prend-en-charge-la-desactivation-du-suivi-dnt\" target=\"_blank\" rel=\"noreferrer noopener\">TWITTER<\/a><\/li><li>\u2013 Pour&nbsp;<a href=\"https:\/\/support.google.com\/accounts\/answer\/61416?hl=fr\" target=\"_blank\" rel=\"noreferrer noopener\">GOOGLE +<\/a><\/li><li>\u2013 Pour&nbsp;<a href=\"https:\/\/www.linkedin.com\/legal\/cookie-policy\" target=\"_blank\" rel=\"noreferrer noopener\">LINKEDIN<\/a><\/li><li>\u2013 Pour&nbsp;<a href=\"https:\/\/info.yahoo.com\/privacy\/us\/yahoo\/cookies\/\" target=\"_blank\" rel=\"noreferrer noopener\">YAHOO<\/a><\/li><li>\u2013 Pour&nbsp;<a href=\"https:\/\/support.google.com\/accounts\/answer\/61416?hl=fr\" target=\"_blank\" rel=\"noreferrer noopener\">YOUTUBE<\/a><\/li><\/ul>\n\n\n\n<p>Attention, la prise en compte de vos diff\u00e9rents souhaits repose sur un Cookie ou plusieurs Cookies d\u00e9termin\u00e9s. Si vous supprimez tous les Cookies enregistr\u00e9s au sein de votre terminal concernant notre site, nous ne saurons plus quel consentement ou quel refus vous avez \u00e9mis. Cela reviendra donc \u00e0 r\u00e9initialiser votre consentement et vous devrez donc \u00e0 nouveau refuser le ou les Cookies que vous ne souhaitez pas conserver. De m\u00eame, si vous utilisez un autre navigateur Internet, vous devrez \u00e0 nouveau refuser ces Cookies car vos choix, comme les cookies auxquels ils se rapportent, d\u00e9pendent du navigateur et du terminal (ordinateur, tablette, smartphone, etc.) que vous utilisez pour consulter notre site.<\/p>\n\n\n\n<ul class=\"wp-block-list\"><li><strong>(d) Les cookies \u00ab&nbsp;Flash&nbsp;\u00bb\u00a9 de \u00ab&nbsp;Adobe Flash Player&nbsp;\u00bb\u2122<\/strong>\u00ab&nbsp;Adobe Flash Player&nbsp;\u00bb\u2122 est une application informatique qui permet le d\u00e9veloppement rapide des contenus dynamiques utilisant le langage informatique \u00ab&nbsp;Flash&nbsp;\u00bb. Flash (et les applications de m\u00eame type) m\u00e9morise les param\u00e8tres, les pr\u00e9f\u00e9rences et l\u2019utilisation de ces contenus gr\u00e2ce \u00e0 une technologie similaire aux cookies. Toutefois, \u00ab&nbsp;Adobe Flash Player&nbsp;\u00bb\u2122 g\u00e8re ces informations et vos choix via une interface diff\u00e9rente de celle fournie par votre logiciel de navigation.Dans la mesure o\u00f9 votre terminal serait susceptible de visualiser des contenus d\u00e9velopp\u00e9s avec le langage Flash, nous vous invitons \u00e0 acc\u00e9der \u00e0 vos outils de gestion des cookies Flash, directement depuis&nbsp;<a href=\"https:\/\/www.adobe.com\/fr\" target=\"_blank\" rel=\"noreferrer noopener\">le site Adobe<\/a>.<\/li><\/ul>\n","protected":false},"excerpt":{"rendered":"<p>1. Qu\u2019est-ce qu\u2019un cookie ? Un cookie est un fichier texte susceptible d\u2019\u00eatre enregistr\u00e9, sous r\u00e9serve de vos choix, dans un espace d\u00e9di\u00e9 du disque dur de votre terminal, \u00e0 l\u2019occasion de la consultation d\u2019un service en ligne gr\u00e2ce \u00e0 votre logiciel de navigation. Un fichier cookie permet \u00e0 son \u00e9metteur d\u2019identifier le terminal dans &hellip;<\/p>\n","protected":false},"author":2,"featured_media":0,"parent":0,"menu_order":0,"comment_status":"closed","ping_status":"closed","template":"","meta":{"footnotes":""},"class_list":["post-15706","page","type-page","status-publish","hentry"],"_links":{"self":[{"href":"https:\/\/letempsmag.ma\/index.php?rest_route=\/wp\/v2\/pages\/15706","targetHints":{"allow":["GET"]}}],"collection":[{"href":"https:\/\/letempsmag.ma\/index.php?rest_route=\/wp\/v2\/pages"}],"about":[{"href":"https:\/\/letempsmag.ma\/index.php?rest_route=\/wp\/v2\/types\/page"}],"author":[{"embeddable":true,"href":"https:\/\/letempsmag.ma\/index.php?rest_route=\/wp\/v2\/users\/2"}],"replies":[{"embeddable":true,"href":"https:\/\/letempsmag.ma\/index.php?rest_route=%2Fwp%2Fv2%2Fcomments&post=15706"}],"version-history":[{"count":1,"href":"https:\/\/letempsmag.ma\/index.php?rest_route=\/wp\/v2\/pages\/15706\/revisions"}],"predecessor-version":[{"id":15707,"href":"https:\/\/letempsmag.ma\/index.php?rest_route=\/wp\/v2\/pages\/15706\/revisions\/15707"}],"wp:attachment":[{"href":"https:\/\/letempsmag.ma\/index.php?rest_route=%2Fwp%2Fv2%2Fmedia&parent=15706"}],"curies":[{"name":"wp","href":"https:\/\/api.w.org\/{rel}","templated":true}]}}